{"id":6,"date":"2010-04-20T19:34:18","date_gmt":"2010-04-20T17:34:18","guid":{"rendered":"http:\/\/www.iespasqualcalbo.cat\/wordpress\/europa\/about\/"},"modified":"2010-04-20T19:34:18","modified_gmt":"2010-04-20T17:34:18","slug":"about","status":"publish","type":"page","link":"https:\/\/www.iespasqualcalbo.cat\/blocs\/europa\/about\/","title":{"rendered":"Bloc Projectes Europeus"},"content":{"rendered":"<p>\t\t\t\tAquest bloc neix amb l&#8217;intenci\u00f3 de donar a con\u00e8ixer les activitats que fem a l&#8217;institut Pasqual Calb\u00f3 i Cald\u00e9s dins el marc dels Projectes Europeus de Leonardo i Erasmus.\t\t<\/p>\n","protected":false},"excerpt":{"rendered":"<p>Aquest bloc neix amb l&#8217;intenci\u00f3 de donar a con\u00e8ixer les activitats que fem a l&#8217;institut Pasqual Calb\u00f3 i Cald\u00e9s dins el marc dels Projectes Europeus de Leonardo i Erasmus. <a href=\"https:\/\/www.iespasqualcalbo.cat\/blocs\/europa\/about\/\">Continua llegint <span class=\"meta-nav\">&rarr;<\/span><\/a><\/p>\n","protected":false},"author":1,"featured_media":0,"parent":0,"menu_order":0,"comment_status":"open","ping_status":"open","template":"","meta":{"footnotes":""},"class_list":["post-6","page","type-page","status-publish","hentry"],"_links":{"self":[{"href":"https:\/\/www.iespasqualcalbo.cat\/blocs\/europa\/wp-json\/wp\/v2\/pages\/6","targetHints":{"allow":["GET"]}}],"collection":[{"href":"https:\/\/www.iespasqualcalbo.cat\/blocs\/europa\/wp-json\/wp\/v2\/pages"}],"about":[{"href":"https:\/\/www.iespasqualcalbo.cat\/blocs\/europa\/wp-json\/wp\/v2\/types\/page"}],"author":[{"embeddable":true,"href":"https:\/\/www.iespasqualcalbo.cat\/blocs\/europa\/wp-json\/wp\/v2\/users\/1"}],"replies":[{"embeddable":true,"href":"https:\/\/www.iespasqualcalbo.cat\/blocs\/europa\/wp-json\/wp\/v2\/comments?post=6"}],"version-history":[{"count":0,"href":"https:\/\/www.iespasqualcalbo.cat\/blocs\/europa\/wp-json\/wp\/v2\/pages\/6\/revisions"}],"wp:attachment":[{"href":"https:\/\/www.iespasqualcalbo.cat\/blocs\/europa\/wp-json\/wp\/v2\/media?parent=6"}],"curies":[{"name":"wp","href":"https:\/\/api.w.org\/{rel}","templated":true}]}}