{"id":88,"date":"2017-02-17T02:21:58","date_gmt":"2017-02-17T00:21:58","guid":{"rendered":"http:\/\/iespasqualcalbo.cat\/blocs\/electricitat\/?page_id=88"},"modified":"2017-02-17T02:21:58","modified_gmt":"2017-02-17T00:21:58","slug":"recursos","status":"publish","type":"page","link":"https:\/\/www.iespasqualcalbo.cat\/blocs\/electricitat\/recursos\/","title":{"rendered":"Recursos"},"content":{"rendered":"<p>\t\t\t\tEn aquesta p\u00e0gina podeu trobar recursos relacionats amb el sector el\u00e8ctric.<\/p>\n<ul>\n<li><a href=\"http:\/\/iespasqualcalbo.cat\/blocs\/electricitat\/wp-content\/uploads\/sites\/6\/2017\/02\/Seccions.pdf\">Taula de seccions &#8211; intensitats m\u00e0ximes admissibles<\/a><\/li>\n<li><a href=\"http:\/\/iespasqualcalbo.cat\/blocs\/electricitat\/wp-content\/uploads\/sites\/6\/2017\/02\/GUIA-cables-REBT.pdf\" target=\"_blank\" rel=\"noopener noreferrer\">Guia de cables el\u00e8ctrics REBT<\/a><\/li>\n<li><a href=\"https:\/\/www.dial.de\/es\/dialux\/download\/\" target=\"_blank\" rel=\"noopener noreferrer\">Programa de simulaci\u00f3 llum\u00ednica<\/a><\/li>\n<\/ul>\n","protected":false},"excerpt":{"rendered":"<p>En aquesta p\u00e0gina podeu trobar recursos relacionats amb el sector el\u00e8ctric. Taula de seccions &#8211; intensitats m\u00e0ximes admissibles Guia de cables el\u00e8ctrics REBT Programa de simulaci\u00f3 llum\u00ednica<\/p>\n","protected":false},"author":2,"featured_media":0,"parent":0,"menu_order":0,"comment_status":"closed","ping_status":"closed","template":"","meta":{"footnotes":""},"class_list":["post-88","page","type-page","status-publish","hentry"],"_links":{"self":[{"href":"https:\/\/www.iespasqualcalbo.cat\/blocs\/electricitat\/wp-json\/wp\/v2\/pages\/88","targetHints":{"allow":["GET"]}}],"collection":[{"href":"https:\/\/www.iespasqualcalbo.cat\/blocs\/electricitat\/wp-json\/wp\/v2\/pages"}],"about":[{"href":"https:\/\/www.iespasqualcalbo.cat\/blocs\/electricitat\/wp-json\/wp\/v2\/types\/page"}],"author":[{"embeddable":true,"href":"https:\/\/www.iespasqualcalbo.cat\/blocs\/electricitat\/wp-json\/wp\/v2\/users\/2"}],"replies":[{"embeddable":true,"href":"https:\/\/www.iespasqualcalbo.cat\/blocs\/electricitat\/wp-json\/wp\/v2\/comments?post=88"}],"version-history":[{"count":0,"href":"https:\/\/www.iespasqualcalbo.cat\/blocs\/electricitat\/wp-json\/wp\/v2\/pages\/88\/revisions"}],"wp:attachment":[{"href":"https:\/\/www.iespasqualcalbo.cat\/blocs\/electricitat\/wp-json\/wp\/v2\/media?parent=88"}],"curies":[{"name":"wp","href":"https:\/\/api.w.org\/{rel}","templated":true}]}}