{"id":71,"date":"2017-02-14T12:39:15","date_gmt":"2017-02-14T10:39:15","guid":{"rendered":"http:\/\/iespasqualcalbo.cat\/blocs\/electricitat\/?page_id=71"},"modified":"2017-02-14T12:39:15","modified_gmt":"2017-02-14T10:39:15","slug":"normativa","status":"publish","type":"page","link":"https:\/\/www.iespasqualcalbo.cat\/blocs\/electricitat\/normativa\/","title":{"rendered":"Normativa"},"content":{"rendered":"<p>\t\t\t\tEn aquesta p\u00e0gina podeu trobar la normativa relacionada amb el sector el\u00e8ctric.<\/p>\n<p><strong>Electricitat i Electr\u00f2nica<\/strong><\/p>\n<ul>\n<li><a href=\"http:\/\/iespasqualcalbo.cat\/blocs\/electricitat\/wp-content\/uploads\/sites\/6\/2017\/02\/REBT2002.pdf\" target=\"_blank\" rel=\"noopener noreferrer\">Reglament Electrot\u00e8cnic de Baixa Tensi\u00f3 (2002)<\/a><\/li>\n<\/ul>\n<ul>\n<li><a href=\"http:\/\/iespasqualcalbo.cat\/blocs\/electricitat\/wp-content\/uploads\/sites\/6\/2017\/02\/ITC_BT_52.pdf\" target=\"_blank\" rel=\"noopener noreferrer\">Infraestructura per a la rec\u00e0rrega de vehicles el\u00e8ctrics (ITC-BT 52)<\/a><\/li>\n<\/ul>\n<ul>\n<li><a href=\"http:\/\/www.f2i2.net\/legislacionseguridadindustrial\/rebt_guia.aspx\" target=\"_blank\" rel=\"noopener noreferrer\">Guia T\u00e8cnica d&#8217;aplicaci\u00f3 del REBT<\/a><\/li>\n<\/ul>\n<ul>\n<li><a href=\"http:\/\/www.codigotecnico.org\/\" target=\"_blank\" rel=\"noopener noreferrer\">Codi T\u00e8cnic de l&#8217;Edificaci\u00f3<\/a><\/li>\n<\/ul>\n<ul>\n<li><a href=\"http:\/\/www.caib.es\/sacmicrofront\/archivopub.do?ctrl=MCRST345ZI94707&amp;id=94707\" target=\"_blank\" rel=\"noopener noreferrer\">Reglament per a la millora de l\u2019accessibilitat i la supressi\u00f3 de barreres arquitect\u00f2niques<\/a><\/li>\n<\/ul>\n<p>&nbsp;<\/p>\n<p><strong>Telecomunicacions<\/strong><\/p>\n<ul>\n<li><a href=\"http:\/\/iespasqualcalbo.cat\/blocs\/electricitat\/wp-content\/uploads\/sites\/6\/2017\/02\/BOE-Real-Decreto-805-2014-de-19-de-septiembre-Modifica-el-Anexo-I-del-RD-346-2011.pdf\" target=\"_blank\" rel=\"noopener noreferrer\">Reial Decret 346\/201, 1Reglament Infraestructura Com\u00fa de Telecomunicacions (ICT)<\/a><\/li>\n<\/ul>\n<ul>\n<li><a href=\"http:\/\/iespasqualcalbo.cat\/blocs\/electricitat\/wp-content\/uploads\/sites\/6\/2017\/02\/BOE-Orden-ITC-1644-2011.pdf\" target=\"_blank\" rel=\"noopener noreferrer\">Ordre ICT\/1644\/2011, Reglament Infraestructura Com\u00fa de Telecomunicacions (ICT)<\/a><\/li>\n<\/ul>\n<ul>\n<li><a href=\"http:\/\/iespasqualcalbo.cat\/blocs\/electricitat\/wp-content\/uploads\/sites\/6\/2017\/02\/BOE-Real-Decreto-805-2014-de-19-de-septiembre-Modifica-el-Anexo-I-del-RD-346-2011.pdf\" target=\"_blank\" rel=\"noopener noreferrer\">Reial Decret 805\/2014, Pla T\u00e8cnic Nacional de la Televisi\u00f3 Digital Terrestre<\/a><\/li>\n<\/ul>\n<ul>\n<li><a href=\"http:\/\/iespasqualcalbo.cat\/blocs\/electricitat\/wp-content\/uploads\/sites\/6\/2017\/02\/BOE-Correcci\u00f3n-de-errores-RD.-346-2011.pdf\" target=\"_blank\" rel=\"noopener noreferrer\">Correcci\u00f3 d&#8217;errors del Reial Decreto 346\/2011<\/a><\/li>\n<\/ul>\n<p>&nbsp;<\/p>\n<p><strong>Efici\u00e8ncia Energ\u00e8tica<\/strong><\/p>\n<ul>\n<li><a href=\"https:\/\/www.boe.es\/diario_boe\/txt.php?id=BOE-A-2015-10927\" target=\"_blank\" rel=\"noopener noreferrer\">Condicions administratives, t\u00e8cniques i econ\u00f2miques de les modalitats de subministrament d&#8217;energia el\u00e8ctrica amb autoconsum i de producci\u00f3 amb autoconsum<\/a><\/li>\n<\/ul>\n<ul>\n<li>\n<div dir=\"ltr\">\n<div><a href=\"http:\/\/www.fomento.es\/MFOM\/LANG_CASTELLANO\/DIRECCIONES_GENERALES\/CARRETERAS\/NORMATIVA_TECNICA\/ILUMINACION\/1210100html.htm\" target=\"_blank\" rel=\"noopener noreferrer\">Reglament d&#8217;efici\u00e8ncia energ\u00e8tica per enllumenat exterior<\/a><\/div>\n<\/div>\n<\/li>\n<\/ul>\n","protected":false},"excerpt":{"rendered":"<p>En aquesta p\u00e0gina podeu trobar la normativa relacionada amb el sector el\u00e8ctric. Electricitat i Electr\u00f2nica Reglament Electrot\u00e8cnic de Baixa Tensi\u00f3 (2002) Infraestructura per a la rec\u00e0rrega de vehicles el\u00e8ctrics (ITC-BT 52) Guia T\u00e8cnica d&#8217;aplicaci\u00f3 del REBT Codi T\u00e8cnic de l&#8217;Edificaci\u00f3 Reglament per a la millora de l\u2019accessibilitat i la supressi\u00f3 de barreres arquitect\u00f2niques &nbsp; Telecomunicacions [&hellip;]<\/p>\n","protected":false},"author":2,"featured_media":0,"parent":0,"menu_order":0,"comment_status":"closed","ping_status":"closed","template":"","meta":{"footnotes":""},"class_list":["post-71","page","type-page","status-publish","hentry"],"_links":{"self":[{"href":"https:\/\/www.iespasqualcalbo.cat\/blocs\/electricitat\/wp-json\/wp\/v2\/pages\/71","targetHints":{"allow":["GET"]}}],"collection":[{"href":"https:\/\/www.iespasqualcalbo.cat\/blocs\/electricitat\/wp-json\/wp\/v2\/pages"}],"about":[{"href":"https:\/\/www.iespasqualcalbo.cat\/blocs\/electricitat\/wp-json\/wp\/v2\/types\/page"}],"author":[{"embeddable":true,"href":"https:\/\/www.iespasqualcalbo.cat\/blocs\/electricitat\/wp-json\/wp\/v2\/users\/2"}],"replies":[{"embeddable":true,"href":"https:\/\/www.iespasqualcalbo.cat\/blocs\/electricitat\/wp-json\/wp\/v2\/comments?post=71"}],"version-history":[{"count":0,"href":"https:\/\/www.iespasqualcalbo.cat\/blocs\/electricitat\/wp-json\/wp\/v2\/pages\/71\/revisions"}],"wp:attachment":[{"href":"https:\/\/www.iespasqualcalbo.cat\/blocs\/electricitat\/wp-json\/wp\/v2\/media?parent=71"}],"curies":[{"name":"wp","href":"https:\/\/api.w.org\/{rel}","templated":true}]}}