{"id":18,"date":"2017-01-25T21:52:19","date_gmt":"2017-01-25T19:52:19","guid":{"rendered":"http:\/\/iespasqualcalbo.cat\/blocs\/electricitat\/?page_id=18"},"modified":"2017-01-25T21:52:19","modified_gmt":"2017-01-25T19:52:19","slug":"cicles","status":"publish","type":"page","link":"https:\/\/www.iespasqualcalbo.cat\/blocs\/electricitat\/cicles\/","title":{"rendered":"Cicles"},"content":{"rendered":"<ul>\n<li><a href=\"http:\/\/iespasqualcalbo.cat\/blocs\/electricitat\/fp-basica\/\">Formaci\u00f3 Professional B\u00e0sica<\/a><\/li>\n<\/ul>\n<ul>\n<li><a href=\"http:\/\/iespasqualcalbo.cat\/blocs\/electricitat\/grau-mitja\/\">Grau Mitj\u00e0<\/a><\/li>\n<\/ul>\n<ul>\n<li><a href=\"http:\/\/iespasqualcalbo.cat\/blocs\/electricitat\/grau-superior\/\">Grau Superior<\/a><\/li>\n<\/ul>\n","protected":false},"excerpt":{"rendered":"<p>Formaci\u00f3 Professional B\u00e0sica Grau Mitj\u00e0 Grau Superior<\/p>\n","protected":false},"author":2,"featured_media":0,"parent":0,"menu_order":1,"comment_status":"closed","ping_status":"closed","template":"","meta":{"footnotes":""},"class_list":["post-18","page","type-page","status-publish","hentry"],"_links":{"self":[{"href":"https:\/\/www.iespasqualcalbo.cat\/blocs\/electricitat\/wp-json\/wp\/v2\/pages\/18","targetHints":{"allow":["GET"]}}],"collection":[{"href":"https:\/\/www.iespasqualcalbo.cat\/blocs\/electricitat\/wp-json\/wp\/v2\/pages"}],"about":[{"href":"https:\/\/www.iespasqualcalbo.cat\/blocs\/electricitat\/wp-json\/wp\/v2\/types\/page"}],"author":[{"embeddable":true,"href":"https:\/\/www.iespasqualcalbo.cat\/blocs\/electricitat\/wp-json\/wp\/v2\/users\/2"}],"replies":[{"embeddable":true,"href":"https:\/\/www.iespasqualcalbo.cat\/blocs\/electricitat\/wp-json\/wp\/v2\/comments?post=18"}],"version-history":[{"count":0,"href":"https:\/\/www.iespasqualcalbo.cat\/blocs\/electricitat\/wp-json\/wp\/v2\/pages\/18\/revisions"}],"wp:attachment":[{"href":"https:\/\/www.iespasqualcalbo.cat\/blocs\/electricitat\/wp-json\/wp\/v2\/media?parent=18"}],"curies":[{"name":"wp","href":"https:\/\/api.w.org\/{rel}","templated":true}]}}